{"id":3059,"date":"2022-06-01T17:17:37","date_gmt":"2022-06-01T14:17:37","guid":{"rendered":"https:\/\/ventas.lt\/?post_type=product&#038;p=3059"},"modified":"2022-08-06T14:37:09","modified_gmt":"2022-08-06T11:37:09","slug":"bulviaskute-fama-fp103","status":"publish","type":"product","link":"https:\/\/ventas.lt\/index.php\/product\/bulviaskute-fama-fp103\/","title":{"rendered":"Bulviaskut\u0117 FAMA FP103"},"content":{"rendered":"","protected":false},"excerpt":{"rendered":"<p>Pramonin\u0117 bulvi\u0173 skutimo ma\u0161ina Fama FP103<br \/>\nU\u017ekrovimas: iki 18 kg<br \/>\nNa\u0161umas: iki 500 kg\/h<br \/>\nApsaugos i\u0161jungiklis<br \/>\nGalingumas: 0,90 kW\/400V 3N<br \/>\nPagaminta i\u0161 ner\u016bdijan\u010dio plieno<br \/>\nKomplektacijoje stovas ir skuten\u0173 filtras<br \/>\nAbrazyvinis diskas ir abrazyvin\u0117s sienut\u0117s<br \/>\nI\u0161matavimai: 530x660x950 mm<br \/>\nSvoris: 45 kg<br \/>\nGamintojas: Fama Industrie srl., Italija<\/p>\n","protected":false},"featured_media":3060,"template":"","meta":[],"class_list":["post-3059","product","type-product","status-publish","has-post-thumbnail","hentry","product_cat-darzoviu-valymo-masinos"],"_links":{"self":[{"href":"https:\/\/ventas.lt\/index.php\/wp-json\/wp\/v2\/product\/3059"}],"collection":[{"href":"https:\/\/ventas.lt\/index.php\/wp-json\/wp\/v2\/product"}],"about":[{"href":"https:\/\/ventas.lt\/index.php\/wp-json\/wp\/v2\/types\/product"}],"wp:featuredmedia":[{"embeddable":true,"href":"https:\/\/ventas.lt\/index.php\/wp-json\/wp\/v2\/media\/3060"}],"wp:attachment":[{"href":"https:\/\/ventas.lt\/index.php\/wp-json\/wp\/v2\/media?parent=3059"}],"curies":[{"name":"wp","href":"https:\/\/api.w.org\/{rel}","templated":true}]}}