{"id":3007,"date":"2022-03-29T16:30:44","date_gmt":"2022-03-29T13:30:44","guid":{"rendered":"https:\/\/ventas.lt\/?post_type=product&#038;p=3007"},"modified":"2024-03-18T13:36:37","modified_gmt":"2024-03-18T10:36:37","slug":"sildomas-maisto-laikymo-vezimelis-thermobox-f150","status":"publish","type":"product","link":"https:\/\/ventas.lt\/index.php\/product\/sildomas-maisto-laikymo-vezimelis-thermobox-f150\/","title":{"rendered":"\u0160ildomas maisto laikymo ve\u017eim\u0117lis THERMOBOX\u00ae F150"},"content":{"rendered":"","protected":false},"excerpt":{"rendered":"<p>Elektrinis \u0161ildomas termokonteineris THERMOBOX\u00ae F150<\/p>\n<p><strong>Kreipian\u010diosios:<\/strong> 10 x GN 1\/1, tarpas 80mm<br \/>\n<strong>I\u0161or\u0117s matmenys:<\/strong>\u00a0W: 525mm x D: 770mm x H: 1180mm<br \/>\n<strong>Vidiniai matmenys:<\/strong>\u00a0W: 330mm x D: 540mm x H: 830mm<br \/>\n<strong>Svoris:<\/strong>\u00a061 kg<br \/>\n<strong>Galia<\/strong>: 230V\/1000W<br \/>\n<strong>I\u0161orin\u0117s sienut\u0117s:<\/strong> ABS plastikas.<br \/>\n<strong>Vidus<\/strong>: ner\u016bdijantis plienas.<br \/>\n<strong>Kreipian\u010diosios<\/strong>: ner\u016bdijantis plienas, \u012fpresuotos vidin\u0117se sienose.<br \/>\n<strong>U\u017epildas<\/strong>: poliuretano putos.<br \/>\n<strong>Durys<\/strong>: vidin\u0117 danga pagaminta i\u0161 lygaus ir besi\u016blio ner\u016bdijan\u010dio plieno, i\u0161or\u0117 &#8211; ABS plastiko.<br \/>\n<strong>Ratukai<\/strong>: galvanizuotas plienas. 160 mm skersmens guminiai ratukai, du su stabd\u017eiais, du fiksuoti.<br \/>\n<strong>Vir\u0161utinis r\u0117ma<\/strong>s: ner\u016bdijantis plienas ir PVC kra\u0161tai.<br \/>\n<strong>Ve\u017eim\u0117lio r\u0117mas<\/strong>: galvanizuotas plienas, padengtas PVC.<br \/>\n<strong>F<\/strong>: efektyvi konvekcinio kaitinimo sistema, elektronin\u0117 temperat\u016bros kontrol\u0117, izoliacijos klas\u0117 IP 44, 230V\/1000W. CE ir S \u017eenklinimas.<\/p>\n<p>Gamintojas: Standardbox AB, \u0160vedija<\/p>\n","protected":false},"featured_media":3008,"template":"","meta":[],"class_list":["post-3007","product","type-product","status-publish","has-post-thumbnail","hentry","product_cat-sildomi-vezimeliai"],"_links":{"self":[{"href":"https:\/\/ventas.lt\/index.php\/wp-json\/wp\/v2\/product\/3007"}],"collection":[{"href":"https:\/\/ventas.lt\/index.php\/wp-json\/wp\/v2\/product"}],"about":[{"href":"https:\/\/ventas.lt\/index.php\/wp-json\/wp\/v2\/types\/product"}],"wp:featuredmedia":[{"embeddable":true,"href":"https:\/\/ventas.lt\/index.php\/wp-json\/wp\/v2\/media\/3008"}],"wp:attachment":[{"href":"https:\/\/ventas.lt\/index.php\/wp-json\/wp\/v2\/media?parent=3007"}],"curies":[{"name":"wp","href":"https:\/\/api.w.org\/{rel}","templated":true}]}}