{"id":2970,"date":"2021-03-01T17:08:15","date_gmt":"2021-03-01T14:08:15","guid":{"rendered":"https:\/\/ventas.lt\/?post_type=product&#038;p=2970"},"modified":"2024-03-18T13:23:19","modified_gmt":"2024-03-18T10:23:19","slug":"pramoninis-saldytuvas-dvieju-duru-samaref_pf-1400p-tn","status":"publish","type":"product","link":"https:\/\/ventas.lt\/index.php\/product\/pramoninis-saldytuvas-dvieju-duru-samaref_pf-1400p-tn\/","title":{"rendered":"Pramoninis \u0161aldytuvas dviej\u0173 dur\u0173 SAMAREF PF 1400P TN"},"content":{"rendered":"","protected":false},"excerpt":{"rendered":"<p>Bendroji talpa: 1380 l<br \/>\nTemperat\u016bra: -2 \u00b0C \/ +8 \u00b0C<br \/>\nElektros galia: 0,322 kW \/ 230V<br \/>\nKlimato klas\u0117: 5 \/ ( 40\u00b0C &#8211; 40%)<br \/>\n\u0160altne\u0161is: R290<br \/>\nI\u0161matavimai: 1435x810x2080 mm<br \/>\nVidus ir i\u0161or\u0117 i\u0161 ner\u016bdijan\u010dio plieno<br \/>\nGamintojas: SAMAREF, Italija<\/p>\n","protected":false},"featured_media":2969,"template":"","meta":[],"class_list":["post-2970","product","type-product","status-publish","has-post-thumbnail","hentry","product_cat-saldytuvai"],"_links":{"self":[{"href":"https:\/\/ventas.lt\/index.php\/wp-json\/wp\/v2\/product\/2970"}],"collection":[{"href":"https:\/\/ventas.lt\/index.php\/wp-json\/wp\/v2\/product"}],"about":[{"href":"https:\/\/ventas.lt\/index.php\/wp-json\/wp\/v2\/types\/product"}],"wp:featuredmedia":[{"embeddable":true,"href":"https:\/\/ventas.lt\/index.php\/wp-json\/wp\/v2\/media\/2969"}],"wp:attachment":[{"href":"https:\/\/ventas.lt\/index.php\/wp-json\/wp\/v2\/media?parent=2970"}],"curies":[{"name":"wp","href":"https:\/\/api.w.org\/{rel}","templated":true}]}}