{"id":2967,"date":"2021-03-01T16:46:52","date_gmt":"2021-03-01T13:46:52","guid":{"rendered":"https:\/\/ventas.lt\/?post_type=product&#038;p=2967"},"modified":"2025-12-27T21:02:08","modified_gmt":"2025-12-27T18:02:08","slug":"pramoninis-saldiklis-dvieju-duru-samaref-pf-1400p-bt","status":"publish","type":"product","link":"https:\/\/ventas.lt\/index.php\/product\/pramoninis-saldiklis-dvieju-duru-samaref-pf-1400p-bt\/","title":{"rendered":"Pramoninis \u0161aldiklis dviej\u0173 dur\u0173 SAMAREF PF 1400P BT"},"content":{"rendered":"","protected":false},"excerpt":{"rendered":"<p>Bendroji talpa: 1380 l<br \/>\nTemperat\u016bra: -15 \u00b0C \/ -22 \u00b0C<br \/>\nElektros galia: 1,088 kW \/ 230V<br \/>\nKlimato klas\u0117: 5 \/ ( 40\u00b0C &#8211; 40%)<br \/>\n\u0160altne\u0161is: R290<br \/>\nI\u0161matavimai: 1435x810x2080 mm<br \/>\nVidus ir i\u0161or\u0117 i\u0161 ner\u016bdijan\u010dio plieno<br \/>\nGamintojas: SAMAREF, Italija<\/p>\n","protected":false},"featured_media":2968,"template":"","meta":[],"class_list":["post-2967","product","type-product","status-publish","has-post-thumbnail","hentry","product_cat-saldikliai"],"_links":{"self":[{"href":"https:\/\/ventas.lt\/index.php\/wp-json\/wp\/v2\/product\/2967"}],"collection":[{"href":"https:\/\/ventas.lt\/index.php\/wp-json\/wp\/v2\/product"}],"about":[{"href":"https:\/\/ventas.lt\/index.php\/wp-json\/wp\/v2\/types\/product"}],"wp:featuredmedia":[{"embeddable":true,"href":"https:\/\/ventas.lt\/index.php\/wp-json\/wp\/v2\/media\/2968"}],"wp:attachment":[{"href":"https:\/\/ventas.lt\/index.php\/wp-json\/wp\/v2\/media?parent=2967"}],"curies":[{"name":"wp","href":"https:\/\/api.w.org\/{rel}","templated":true}]}}