{"id":2931,"date":"2021-01-06T13:50:46","date_gmt":"2021-01-06T10:50:46","guid":{"rendered":"https:\/\/ventas.lt\/?post_type=product&#038;p=2931"},"modified":"2022-05-26T14:10:26","modified_gmt":"2022-05-26T11:10:26","slug":"puodaplove-inventoriaus-plovimo-masina-vs-p57-62n","status":"publish","type":"product","link":"https:\/\/ventas.lt\/index.php\/product\/puodaplove-inventoriaus-plovimo-masina-vs-p57-62n\/","title":{"rendered":"Puodaplov\u0117 \/ inventoriaus plovimo ma\u0161ina VS P57-62N"},"content":{"rendered":"","protected":false},"excerpt":{"rendered":"<p>Valdymas: multifunkcinis elektroninis su auk\u0161tos rai\u0161kos displ\u0117jumi<br \/>\nKorpusas: dvigubos sienel\u0117s<br \/>\nDurel\u0117s: dvigubos sienel\u0117s<br \/>\nPlovimo sparnuot\u0117: ner\u016bdijantis plienas<br \/>\nSkalavimo sparnuot\u0117: ner\u016bdijantis plienas<br \/>\nI\u0161matavimai (mm): 685x720x1690<br \/>\nAuk\u0161tis, atidarius kupol\u0105 (mm): 1860<br \/>\nPlaunamo indo auk\u0161tis (mm):  595<br \/>\nDureli\u0173 auk\u0161tis (mm): 620<br \/>\nKrep\u0161elis (mm): 570&#215;620<br \/>\nPlovimo vonia (L): 30<br \/>\nVandens sunaudojimas (L\/c): 2,6<br \/>\nGalia (kW): 11,42<br \/>\nCiklas (s): 60\/120\/180\/480<br \/>\nTeorinis na\u0161umas (krep\u0161eliai\/h): 60\/30\/20\/8<br \/>\n\u012etampa: 400V\/3N\/50Hz<br \/>\nSvoris (kg): 124<br \/>\nGamintojas: SILANOS, Italija<br \/>\n<a class=\"maxbutton-3 maxbutton maxbutton-range-evolution\" target=\"_blank\" rel=\"noopener\" href=\"https:\/\/ventas.lt\/wp-content\/uploads\/2021\/01\/Range-Evolution_1.pdf\"><span class='mb-text'>Valdiklis pdf<\/span><\/a> <a class=\"maxbutton-17 maxbutton maxbutton-vs-p57-62n\" target=\"_blank\" rel=\"noopener\" href=\"https:\/\/ventas.lt\/wp-content\/uploads\/2021\/01\/VS-P57-62N-Product-data-sheet_EN.pdf\"><span class='mb-text'>Technin\u0117 spec. pdf<\/span><\/a><\/p>\n","protected":false},"featured_media":2933,"template":"","meta":[],"class_list":["post-2931","product","type-product","status-publish","has-post-thumbnail","hentry","product_cat-plovimo-iranga","product_cat-puodaploves"],"_links":{"self":[{"href":"https:\/\/ventas.lt\/index.php\/wp-json\/wp\/v2\/product\/2931"}],"collection":[{"href":"https:\/\/ventas.lt\/index.php\/wp-json\/wp\/v2\/product"}],"about":[{"href":"https:\/\/ventas.lt\/index.php\/wp-json\/wp\/v2\/types\/product"}],"wp:featuredmedia":[{"embeddable":true,"href":"https:\/\/ventas.lt\/index.php\/wp-json\/wp\/v2\/media\/2933"}],"wp:attachment":[{"href":"https:\/\/ventas.lt\/index.php\/wp-json\/wp\/v2\/media?parent=2931"}],"curies":[{"name":"wp","href":"https:\/\/api.w.org\/{rel}","templated":true}]}}