{"id":2926,"date":"2021-01-06T13:36:10","date_gmt":"2021-01-06T10:36:10","guid":{"rendered":"https:\/\/ventas.lt\/?post_type=product&#038;p=2926"},"modified":"2022-05-26T14:10:27","modified_gmt":"2022-05-26T11:10:27","slug":"kupoline-indaplove-vs-h50-40n","status":"publish","type":"product","link":"https:\/\/ventas.lt\/index.php\/product\/kupoline-indaplove-vs-h50-40n\/","title":{"rendered":"Kupolin\u0117 indaplov\u0117 VS H50-40N"},"content":{"rendered":"","protected":false},"excerpt":{"rendered":"<p>Valdymas: multifunkcinis elektroninis su auk\u0161tos rai\u0161kos displ\u0117jumi<br \/>\nKorpusas: dvigubos sienel\u0117s<br \/>\nDurel\u0117s: dvigubos sienel\u0117s<br \/>\nPlovimo sparnuot\u0117: ner\u016bdijantis plienas<br \/>\nSkalavimo sparnuot\u0117: ner\u016bdijantis plienas<br \/>\nI\u0161matavimai (mm): 655x785x1500<br \/>\nAuk\u0161tis, atidarius kupol\u0105 (mm): 1950<br \/>\nPlaunamo indo auk\u0161tis (mm):  405<br \/>\nDureli\u0173 auk\u0161tis (mm): 430<br \/>\nKrep\u0161elis (mm): 500&#215;500<br \/>\nPlovimo vonia (L): 20<br \/>\nVandens sunaudojimas (L\/c): 2,3<br \/>\nGalia (kW): 6,52<br \/>\nCiklas (s): 60\/120\/180\/480<br \/>\nTeorinis na\u0161umas (krep\u0161eliai\/h): 60\/30\/20\/8<br \/>\n\u012etampa: 400V\/3N\/50Hz<br \/>\nSvoris (kg): 117<br \/>\nGamintojas: SILANOS, Italija<br \/>\n<a class=\"maxbutton-3 maxbutton maxbutton-range-evolution\" target=\"_blank\" rel=\"noopener\" href=\"https:\/\/ventas.lt\/wp-content\/uploads\/2021\/01\/Range-Evolution_1.pdf\"><span class='mb-text'>Valdiklis pdf<\/span><\/a> <a class=\"maxbutton-16 maxbutton maxbutton-vs-h50-40n\" target=\"_blank\" rel=\"noopener\" href=\"https:\/\/ventas.lt\/wp-content\/uploads\/2021\/01\/VS-H50-40N-Product-data-sheet_EN.pdf\"><span class='mb-text'>Technin\u0117 spec. pdf<\/span><\/a><\/p>\n","protected":false},"featured_media":2930,"template":"","meta":[],"class_list":["post-2926","product","type-product","status-publish","has-post-thumbnail","hentry","product_cat-kupolines-indaploves","product_cat-plovimo-iranga"],"_links":{"self":[{"href":"https:\/\/ventas.lt\/index.php\/wp-json\/wp\/v2\/product\/2926"}],"collection":[{"href":"https:\/\/ventas.lt\/index.php\/wp-json\/wp\/v2\/product"}],"about":[{"href":"https:\/\/ventas.lt\/index.php\/wp-json\/wp\/v2\/types\/product"}],"wp:featuredmedia":[{"embeddable":true,"href":"https:\/\/ventas.lt\/index.php\/wp-json\/wp\/v2\/media\/2930"}],"wp:attachment":[{"href":"https:\/\/ventas.lt\/index.php\/wp-json\/wp\/v2\/media?parent=2926"}],"curies":[{"name":"wp","href":"https:\/\/api.w.org\/{rel}","templated":true}]}}