{"id":2924,"date":"2021-01-06T13:30:31","date_gmt":"2021-01-06T10:30:31","guid":{"rendered":"https:\/\/ventas.lt\/?post_type=product&#038;p=2924"},"modified":"2022-05-26T14:10:27","modified_gmt":"2022-05-26T11:10:27","slug":"postaline-indaplove-vs-d50-37n","status":"publish","type":"product","link":"https:\/\/ventas.lt\/index.php\/product\/postaline-indaplove-vs-d50-37n\/","title":{"rendered":"Postalin\u0117 indaplov\u0117 VS D50-37N"},"content":{"rendered":"","protected":false},"excerpt":{"rendered":"<p>Valdymas: multifunkcinis elektroninis su auk\u0161tos rai\u0161kos displ\u0117jumi<br \/>\nKorpusas: dvigubos sienel\u0117s<br \/>\nDurel\u0117s: dvigubos sienel\u0117s<br \/>\nPlovimo sparnuot\u0117: ner\u016bdijantis plienas<br \/>\nSkalavimo sparnuot\u0117: ner\u016bdijantis plienas<br \/>\nI\u0161matavimai (mm): 655x785x1500<br \/>\nGylis, atidarius dureles (mm): 1,072<br \/>\nPlaunamo indo auk\u0161tis (mm):  375<br \/>\nDureli\u0173 auk\u0161tis (mm): 400<br \/>\nKrep\u0161elis (mm): 500&#215;500<br \/>\nPlovimo vonia (L): 11<br \/>\nVandens sunaudojimas (L\/c): 2,3<br \/>\nGalia (kW): 5,05<br \/>\nCiklas (s): 60\/120\/180\/480<br \/>\nTeorinis na\u0161umas (krep\u0161eliai\/h): 60\/30\/20\/8<br \/>\n\u012etampa: 400V\/3N\/50Hz<br \/>\nSvoris (kg): 58<br \/>\nGamintojas: SILANOS, Italija<br \/>\n<a class=\"maxbutton-3 maxbutton maxbutton-range-evolution\" target=\"_blank\" rel=\"noopener\" href=\"https:\/\/ventas.lt\/wp-content\/uploads\/2021\/01\/Range-Evolution_1.pdf\"><span class='mb-text'>Valdiklis pdf<\/span><\/a> <a class=\"maxbutton-15 maxbutton maxbutton-vs-d50-37n\" target=\"_blank\" rel=\"noopener\" href=\"https:\/\/ventas.lt\/wp-content\/uploads\/2021\/01\/VS-D50-37N-Product-data-sheet_EN.pdf\"><span class='mb-text'>Technin\u0117 spec. pdf<\/span><\/a><\/p>\n","protected":false},"featured_media":2925,"template":"","meta":[],"class_list":["post-2924","product","type-product","status-publish","has-post-thumbnail","hentry","product_cat-plovimo-iranga","product_cat-postalines-indaploves"],"_links":{"self":[{"href":"https:\/\/ventas.lt\/index.php\/wp-json\/wp\/v2\/product\/2924"}],"collection":[{"href":"https:\/\/ventas.lt\/index.php\/wp-json\/wp\/v2\/product"}],"about":[{"href":"https:\/\/ventas.lt\/index.php\/wp-json\/wp\/v2\/types\/product"}],"wp:featuredmedia":[{"embeddable":true,"href":"https:\/\/ventas.lt\/index.php\/wp-json\/wp\/v2\/media\/2925"}],"wp:attachment":[{"href":"https:\/\/ventas.lt\/index.php\/wp-json\/wp\/v2\/media?parent=2924"}],"curies":[{"name":"wp","href":"https:\/\/api.w.org\/{rel}","templated":true}]}}