{"id":2905,"date":"2021-01-05T15:45:12","date_gmt":"2021-01-05T12:45:12","guid":{"rendered":"https:\/\/ventas.lt\/?post_type=product&#038;p=2905"},"modified":"2022-05-26T14:10:29","modified_gmt":"2022-05-26T11:10:29","slug":"postaline-indaplove-ds-d50-32","status":"publish","type":"product","link":"https:\/\/ventas.lt\/index.php\/product\/postaline-indaplove-ds-d50-32\/","title":{"rendered":"Postalin\u0117 indaplov\u0117 DS D50-32"},"content":{"rendered":"","protected":false},"excerpt":{"rendered":"<p>Valdymas: elektroninis<br \/>\nKorpusas: dvigubos sienel\u0117s<br \/>\nDurel\u0117s: dvigubos sienel\u0117s<br \/>\nPlovimo sparnuot\u0117: ner\u016bdijantis plienas<br \/>\nSkalavimo sparnuot\u0117: kompozicin\u0117 med\u017eiaga<br \/>\nI\u0161matavimai (mm): 582x610x822<br \/>\nGylis, atidarius dureles(mm): 990<br \/>\nPlaunamo indo auk\u0161tis (mm):  320<br \/>\nDureli\u0173 auk\u0161tis (mm): 345<br \/>\nKrep\u0161elis (mm): 500&#215;500<br \/>\nPlovimo vonia (L): 23<br \/>\nVandens sunaudojimas (L\/c): 2,6<br \/>\nGalia (kW): 4,9<br \/>\nCiklas (s): 60\/120\/180\/480<br \/>\nTeorinis na\u0161umas (krep\u0161eliai\/h): 60\/30\/20\/8<br \/>\n\u012etampa: 400V\/3N\/50Hz<br \/>\nSvoris (kg): 54<br \/>\nGamintojas: SILANOS, Italija<br \/>\n<a class=\"maxbutton-1 maxbutton maxbutton-range-digital\" target=\"_blank\" rel=\"noopener\" href=\"https:\/\/ventas.lt\/wp-content\/uploads\/2021\/01\/Range-Digital_1.pdf\"><span class='mb-text'>Valdiklis pdf<\/span><\/a> <a class=\"maxbutton-7 maxbutton maxbutton-ds-d50-32\" target=\"_blank\" rel=\"noopener\" href=\"https:\/\/ventas.lt\/wp-content\/uploads\/2021\/01\/DS-D50-32-Product-data-sheet_EN.pdf\"><span class='mb-text'>Technin\u0117 spec. pdf<\/span><\/a><\/p>\n","protected":false},"featured_media":2906,"template":"","meta":[],"class_list":["post-2905","product","type-product","status-publish","has-post-thumbnail","hentry","product_cat-plovimo-iranga","product_cat-postalines-indaploves"],"_links":{"self":[{"href":"https:\/\/ventas.lt\/index.php\/wp-json\/wp\/v2\/product\/2905"}],"collection":[{"href":"https:\/\/ventas.lt\/index.php\/wp-json\/wp\/v2\/product"}],"about":[{"href":"https:\/\/ventas.lt\/index.php\/wp-json\/wp\/v2\/types\/product"}],"wp:featuredmedia":[{"embeddable":true,"href":"https:\/\/ventas.lt\/index.php\/wp-json\/wp\/v2\/media\/2906"}],"wp:attachment":[{"href":"https:\/\/ventas.lt\/index.php\/wp-json\/wp\/v2\/media?parent=2905"}],"curies":[{"name":"wp","href":"https:\/\/api.w.org\/{rel}","templated":true}]}}