{"id":2903,"date":"2021-01-05T15:42:43","date_gmt":"2021-01-05T12:42:43","guid":{"rendered":"https:\/\/ventas.lt\/?post_type=product&#038;p=2903"},"modified":"2022-05-26T14:10:29","modified_gmt":"2022-05-26T11:10:29","slug":"stiklaplove-ds-g35-25","status":"publish","type":"product","link":"https:\/\/ventas.lt\/index.php\/product\/stiklaplove-ds-g35-25\/","title":{"rendered":"Stiklaplov\u0117 DS G35-25"},"content":{"rendered":"","protected":false},"excerpt":{"rendered":"<p>Valdymas: elektroninis<br \/>\nKorpusas: dvigubos sienel\u0117s<br \/>\nDurel\u0117s: dvigubos sienel\u0117s<br \/>\nPlovimo sparnuot\u0117: ner\u016bdijantis plienas<br \/>\nSkalavimo sparnuot\u0117: kompozicin\u0117 med\u017eiaga<br \/>\nI\u0161matavimai (mm): 423x466x639<br \/>\nGylis, atidarius dureles(mm): 760<br \/>\nPlaunamo indo auk\u0161tis (mm): 255<br \/>\nDureli\u0173 auk\u0161tis (mm): 270<br \/>\nKrep\u0161elis (mm): 350&#215;350<br \/>\nPlovimo vonia (L): 11<br \/>\nVandens sunaudojimas (L\/c): 2,4<br \/>\nGalia (kW): 2,77<br \/>\nCiklas (s): 60\/120\/180\/480<br \/>\nTeorinis na\u0161umas (krep\u0161eliai\/h): 60\/30\/20\/8<br \/>\n\u012etampa: 230V\/50Hz<br \/>\nSvoris (kg): 27<br \/>\nGamintojas: SILANOS, Italija<br \/>\n<a class=\"maxbutton-1 maxbutton maxbutton-range-digital\" target=\"_blank\" rel=\"noopener\" href=\"https:\/\/ventas.lt\/wp-content\/uploads\/2021\/01\/Range-Digital_1.pdf\"><span class='mb-text'>Valdiklis pdf<\/span><\/a> <a class=\"maxbutton-6 maxbutton maxbutton-ds-g35-25\" target=\"_blank\" rel=\"noopener\" href=\"https:\/\/ventas.lt\/wp-content\/uploads\/2021\/01\/DS-G35-25-Product-data-sheet_EN.pdf\"><span class='mb-text'>Technin\u0117 spec. pdf<\/span><\/a><\/p>\n","protected":false},"featured_media":2904,"template":"","meta":[],"class_list":["post-2903","product","type-product","status-publish","has-post-thumbnail","hentry","product_cat-plovimo-iranga","product_cat-postalines-stiklaploves"],"_links":{"self":[{"href":"https:\/\/ventas.lt\/index.php\/wp-json\/wp\/v2\/product\/2903"}],"collection":[{"href":"https:\/\/ventas.lt\/index.php\/wp-json\/wp\/v2\/product"}],"about":[{"href":"https:\/\/ventas.lt\/index.php\/wp-json\/wp\/v2\/types\/product"}],"wp:featuredmedia":[{"embeddable":true,"href":"https:\/\/ventas.lt\/index.php\/wp-json\/wp\/v2\/media\/2904"}],"wp:attachment":[{"href":"https:\/\/ventas.lt\/index.php\/wp-json\/wp\/v2\/media?parent=2903"}],"curies":[{"name":"wp","href":"https:\/\/api.w.org\/{rel}","templated":true}]}}