{"id":2899,"date":"2021-01-05T15:01:37","date_gmt":"2021-01-05T12:01:37","guid":{"rendered":"https:\/\/ventas.lt\/?post_type=product&#038;p=2899"},"modified":"2022-05-26T14:10:29","modified_gmt":"2022-05-26T11:10:29","slug":"kupoline-indaplove-ps-h50-40n","status":"publish","type":"product","link":"https:\/\/ventas.lt\/index.php\/product\/kupoline-indaplove-ps-h50-40n\/","title":{"rendered":"Kupolin\u0117 indaplov\u0117 PS H50-40N"},"content":{"rendered":"","protected":false},"excerpt":{"rendered":"<p>Valdymas: elektromechaninis<br \/>\nKorpusas: viengubos sienel\u0117s<br \/>\nDurel\u0117s: dvigubos sienel\u0117s<br \/>\nPlovimo sparnuot\u0117: ner\u016bdijantis plienas<br \/>\nSkalavimo sparnuot\u0117: kompozicin\u0117 med\u017eiaga<br \/>\nI\u0161matavimai (mm): 655x785x1480<br \/>\nDur\u0173 auk\u0161tis atidarius kupol\u0105 (mm): 1930<br \/>\nPlaunamo indo auk\u0161tis (mm): 405<br \/>\nDureli\u0173 auk\u0161tis (mm): 430<br \/>\nKrep\u0161elis (mm): 500&#215;500<br \/>\nPlovimo vonia (L): 20<br \/>\nVandens sunaudojimas (L\/c): 2,6<br \/>\nGalia (kW): 6,52<br \/>\nCiklas (s): 120\/180<br \/>\nTeorinis na\u0161umas (krep\u0161eliai\/h): 30\/20<br \/>\n\u012etampa: 400V\/3N\/50Hz<br \/>\nSvoris (kg): 105<br \/>\nGamintojas: SILANOS, Italija<br \/>\n<a class=\"maxbutton-12 maxbutton maxbutton-ps-h50-40n\" target=\"_blank\" rel=\"noopener\" href=\"https:\/\/ventas.lt\/wp-content\/uploads\/2021\/01\/PS-H50-40N-Product-data-sheet_EN.pdf\"><span class='mb-text'>Technin\u0117 spec. pdf<\/span><\/a><\/p>\n","protected":false},"featured_media":2900,"template":"","meta":[],"class_list":["post-2899","product","type-product","status-publish","has-post-thumbnail","hentry","product_cat-kupolines-indaploves","product_cat-plovimo-iranga"],"_links":{"self":[{"href":"https:\/\/ventas.lt\/index.php\/wp-json\/wp\/v2\/product\/2899"}],"collection":[{"href":"https:\/\/ventas.lt\/index.php\/wp-json\/wp\/v2\/product"}],"about":[{"href":"https:\/\/ventas.lt\/index.php\/wp-json\/wp\/v2\/types\/product"}],"wp:featuredmedia":[{"embeddable":true,"href":"https:\/\/ventas.lt\/index.php\/wp-json\/wp\/v2\/media\/2900"}],"wp:attachment":[{"href":"https:\/\/ventas.lt\/index.php\/wp-json\/wp\/v2\/media?parent=2899"}],"curies":[{"name":"wp","href":"https:\/\/api.w.org\/{rel}","templated":true}]}}