{"id":2895,"date":"2021-01-05T14:37:06","date_gmt":"2021-01-05T11:37:06","guid":{"rendered":"https:\/\/ventas.lt\/?post_type=product&#038;p=2895"},"modified":"2022-05-26T14:10:30","modified_gmt":"2022-05-26T11:10:30","slug":"stiklaplove-ps-g35-25","status":"publish","type":"product","link":"https:\/\/ventas.lt\/index.php\/product\/stiklaplove-ps-g35-25\/","title":{"rendered":"Stiklaplov\u0117 PS G35-25"},"content":{"rendered":"","protected":false},"excerpt":{"rendered":"<p>Valdymas: elektromechaninis<br \/>\nKorpusas: viengubos sienel\u0117s<br \/>\nDurel\u0117s: dvigubos sienel\u0117s<br \/>\nPlovimo sparnuot\u0117: ner\u016bdijantis plienas<br \/>\nSkalavimo sparnuot\u0117: kompozicin\u0117 med\u017eiaga<br \/>\nI\u0161matavimai (mm): 415x465x645<br \/>\nGylis, atidarius dureles (mm): 760<br \/>\nPlaunamo indo auk\u0161tis (mm): 255<br \/>\nDureli\u0173 auk\u0161tis (mm): 270<br \/>\nKrep\u0161elis (mm): 350&#215;350<br \/>\nPlovimo vonia (L): 11<br \/>\nVandens sunaudojimas (L\/c): 2,4<br \/>\nGalia (kW): 2,77<br \/>\nCiklas (s): 120<br \/>\nTeorinis na\u0161umas (krep\u0161eliai\/h): 30<br \/>\n\u012etampa: 230V\/50Hz<br \/>\nSvoris (kg): 26<br \/>\nGamintojas: SILANOS, Italija<br \/>\n<a class=\"maxbutton-10 maxbutton maxbutton-ps-g35-25\" target=\"_blank\" rel=\"noopener\" href=\"https:\/\/ventas.lt\/wp-content\/uploads\/2021\/01\/PS-G35-25-Product-data-sheet_EN.pdf\"><span class='mb-text'>Technin\u0117 spec. pdf<\/span><\/a><\/p>\n","protected":false},"featured_media":2896,"template":"","meta":[],"class_list":["post-2895","product","type-product","status-publish","has-post-thumbnail","hentry","product_cat-plovimo-iranga","product_cat-postalines-stiklaploves"],"_links":{"self":[{"href":"https:\/\/ventas.lt\/index.php\/wp-json\/wp\/v2\/product\/2895"}],"collection":[{"href":"https:\/\/ventas.lt\/index.php\/wp-json\/wp\/v2\/product"}],"about":[{"href":"https:\/\/ventas.lt\/index.php\/wp-json\/wp\/v2\/types\/product"}],"wp:featuredmedia":[{"embeddable":true,"href":"https:\/\/ventas.lt\/index.php\/wp-json\/wp\/v2\/media\/2896"}],"wp:attachment":[{"href":"https:\/\/ventas.lt\/index.php\/wp-json\/wp\/v2\/media?parent=2895"}],"curies":[{"name":"wp","href":"https:\/\/api.w.org\/{rel}","templated":true}]}}