{"id":2847,"date":"2020-12-23T17:46:45","date_gmt":"2020-12-23T14:46:45","guid":{"rendered":"https:\/\/ventas.lt\/?post_type=product&#038;p=2847"},"modified":"2022-05-26T14:10:47","modified_gmt":"2022-05-26T11:10:47","slug":"vakuumatorius-grandispensa-semiprofessional","status":"publish","type":"product","link":"https:\/\/ventas.lt\/index.php\/product\/vakuumatorius-grandispensa-semiprofessional\/","title":{"rendered":"Vakuumatorius GRANDISPENSA SEMI-PROFESSIONAL"},"content":{"rendered":"","protected":false},"excerpt":{"rendered":"<p>Pagrindin\u0117s funkcijos:<br \/>\n\u2022 Automatinis mai\u0161elio u\u017elydimas<br \/>\n\u2022 Elektroninis valdymas<br \/>\n\u2022 Siurblio tipas: sausas savaiminio sutepimo<br \/>\n\u2022 Vakuumavimas indeliuose<br \/>\n\u2022 U\u017elydimo juostos plotis: 4 mm<br \/>\n\u2022 Rifliuoti mai\u0161eliai<br \/>\n\u2022 U\u017elydimo juostos med\u017eiaga: aliuminis<br \/>\n\u2022 \u012erengimo korpuso med\u017eiaga: aliuminis<br \/>\n\u2022 Automatinis bud\u0117jimo re\u017eimas<br \/>\n\u2022 Programuojamas u\u017elydimo laikas<br \/>\n\u2022 Apsaugos nuo gniu\u017edymo funkcija<br \/>\n\u2022 Dr\u0117gn\u0173 mai\u0161eli\u0173 u\u017elydimas<br \/>\n\u2022 Darbo cikl\u0173 skaitiklis<br \/>\n\u2022 Papildomo vakuumo funkcija<br \/>\n\u2022 5 vakuumavimo programos<\/p>\n<p>Techniniai duomenys:<br \/>\n\u2022 I\u0161matavimai, mm: 394x191x96<br \/>\n\u2022 U\u017elydimo juostos ilgis, mm: 300<br \/>\n\u2022 Svoris, kg: 4,6<br \/>\n\u2022 Siurblys, l\/min.: 15<br \/>\n\u2022 Galutinis sl\u0117gis, Kpa: 80<br \/>\n\u2022 Galingumas max, W: 250<\/p>\n<p>Gamintojas: ELEGEN, Italija<\/p>\n","protected":false},"featured_media":2853,"template":"","meta":[],"class_list":["post-2847","product","type-product","status-publish","has-post-thumbnail","hentry","product_cat-kita-iranga","product_cat-vakuumatoriai"],"_links":{"self":[{"href":"https:\/\/ventas.lt\/index.php\/wp-json\/wp\/v2\/product\/2847"}],"collection":[{"href":"https:\/\/ventas.lt\/index.php\/wp-json\/wp\/v2\/product"}],"about":[{"href":"https:\/\/ventas.lt\/index.php\/wp-json\/wp\/v2\/types\/product"}],"wp:featuredmedia":[{"embeddable":true,"href":"https:\/\/ventas.lt\/index.php\/wp-json\/wp\/v2\/media\/2853"}],"wp:attachment":[{"href":"https:\/\/ventas.lt\/index.php\/wp-json\/wp\/v2\/media?parent=2847"}],"curies":[{"name":"wp","href":"https:\/\/api.w.org\/{rel}","templated":true}]}}