{"id":2829,"date":"2020-12-23T15:26:37","date_gmt":"2020-12-23T12:26:37","guid":{"rendered":"https:\/\/ventas.lt\/?post_type=product&#038;p=2829"},"modified":"2022-05-26T14:10:48","modified_gmt":"2022-05-26T11:10:48","slug":"vakuumatorius_clever_line_basic","status":"publish","type":"product","link":"https:\/\/ventas.lt\/index.php\/product\/vakuumatorius_clever_line_basic\/","title":{"rendered":"Vakuumatorius CLEVER LINE BASIC"},"content":{"rendered":"","protected":false},"excerpt":{"rendered":"<p>Pagrindin\u0117s funkcijos:<br \/>\n\u2022 Automatinis mai\u0161elio u\u017elydimas<br \/>\n\u2022 Siurblio tipas: rotacinis<br \/>\n\u2022 Vakuumavimas indeliuose<br \/>\n\u2022 U\u017elydimo juostos plotis: 6 mm<br \/>\n\u2022 Lyg\u016bs arba rifliuoti mai\u0161eliai<br \/>\n\u2022 U\u017elydimo juostos med\u017eiaga: Inox AISI 304<br \/>\n\u2022 \u012erengimo korpuso med\u017eiaga: auk\u0161tos kokyb\u0117s plastikas<br \/>\n\u2022 Automatinis bud\u0117jimo re\u017eimas<br \/>\n\u2022 Programuojamas u\u017elydimo laikas<br \/>\n\u2022 Darbo cikl\u0173 skaitiklis<br \/>\n\u2022 Programuojamas vakuumo lygis<br \/>\n\u2022 Nuo\u017eulni plok\u0161tuma skys\u010diams<br \/>\n\u2022 I\u0161imama u\u017elydimo juosta<br \/>\n\u2022 Skys\u010di\u0173 vakuumavimas<br \/>\n\u2022 Programa &#8220;Degassing&#8221;<br \/>\n\u2022 \u012esp\u0117jimas keisti tepal\u0105<br \/>\n\u2022 Tepalo valymo programa<br \/>\n\u2022 Kavos pakuot\u0117s u\u017elydimas<br \/>\n\u2022 Infusion<br \/>\n\u2022 6 vakuumavimo programos<\/p>\n<p>Techniniai duomenys:<br \/>\n\u2022 Kameros i\u0161matavimai, mm: 360x414x131<br \/>\n\u2022 U\u017elydimo juostos ilgis, mm: 304<br \/>\n\u2022 Kameros t\u016bris, dm3: 15<br \/>\n\u2022 Svoris, kg: 25<br \/>\n\u2022 Siurblys, m3\/h: 8<br \/>\n\u2022 Galutinis sl\u0117gis, mbar: 2<br \/>\n\u2022 Galingumas max, W: 300<\/p>\n<p>Gamintojas: ELEGEN, Italija<\/p>\n","protected":false},"featured_media":2835,"template":"","meta":[],"class_list":["post-2829","product","type-product","status-publish","has-post-thumbnail","hentry","product_cat-kita-iranga","product_cat-vakuumatoriai"],"_links":{"self":[{"href":"https:\/\/ventas.lt\/index.php\/wp-json\/wp\/v2\/product\/2829"}],"collection":[{"href":"https:\/\/ventas.lt\/index.php\/wp-json\/wp\/v2\/product"}],"about":[{"href":"https:\/\/ventas.lt\/index.php\/wp-json\/wp\/v2\/types\/product"}],"wp:featuredmedia":[{"embeddable":true,"href":"https:\/\/ventas.lt\/index.php\/wp-json\/wp\/v2\/media\/2835"}],"wp:attachment":[{"href":"https:\/\/ventas.lt\/index.php\/wp-json\/wp\/v2\/media?parent=2829"}],"curies":[{"name":"wp","href":"https:\/\/api.w.org\/{rel}","templated":true}]}}