{"id":2776,"date":"2020-09-15T17:03:52","date_gmt":"2020-09-15T14:03:52","guid":{"rendered":"https:\/\/ventas.lt\/?post_type=product&#038;p=2776"},"modified":"2022-05-26T14:11:04","modified_gmt":"2022-05-26T11:11:04","slug":"darzoviu-pjaustykle-tm-tg","status":"publish","type":"product","link":"https:\/\/ventas.lt\/index.php\/product\/darzoviu-pjaustykle-tm-tg\/","title":{"rendered":"Dar\u017eovi\u0173 pjaustykl\u0117 TM -TG"},"content":{"rendered":"","protected":false},"excerpt":{"rendered":"<p>Galingumas: 0,515 kW\/230 V<br \/>\nApsaugos i\u0161jungiklis<br \/>\nSu anga didel\u0117ms dar\u017eov\u0117ms \u012fd\u0117ti<br \/>\nDaugiau nei 20-ies dyd\u017ei\u0173 pjaustymo disk\u0173 pasirinkimas<br \/>\nPagaminta i\u0161 aliuminio ir ner\u016bdijan\u010dio plieno<br \/>\nI\u0161matavimai: 296x612x777 mm<br \/>\nGamintojas: SIRMAN, Italija<\/p>\n","protected":false},"featured_media":2777,"template":"","meta":[],"class_list":["post-2776","product","type-product","status-publish","has-post-thumbnail","hentry","product_cat-pjaustykles"],"_links":{"self":[{"href":"https:\/\/ventas.lt\/index.php\/wp-json\/wp\/v2\/product\/2776"}],"collection":[{"href":"https:\/\/ventas.lt\/index.php\/wp-json\/wp\/v2\/product"}],"about":[{"href":"https:\/\/ventas.lt\/index.php\/wp-json\/wp\/v2\/types\/product"}],"wp:featuredmedia":[{"embeddable":true,"href":"https:\/\/ventas.lt\/index.php\/wp-json\/wp\/v2\/media\/2777"}],"wp:attachment":[{"href":"https:\/\/ventas.lt\/index.php\/wp-json\/wp\/v2\/media?parent=2776"}],"curies":[{"name":"wp","href":"https:\/\/api.w.org\/{rel}","templated":true}]}}