{"id":2774,"date":"2020-09-15T16:56:56","date_gmt":"2020-09-15T13:56:56","guid":{"rendered":"https:\/\/ventas.lt\/?post_type=product&#038;p=2774"},"modified":"2022-05-26T14:11:04","modified_gmt":"2022-05-26T11:11:04","slug":"konvekcine-krosnis-sepe101","status":"publish","type":"product","link":"https:\/\/ventas.lt\/index.php\/product\/konvekcine-krosnis-sepe101\/","title":{"rendered":"Konvekcin\u0117 krosnis SEPE101"},"content":{"rendered":"","protected":false},"excerpt":{"rendered":"<p>Elektrin\u0117<br \/>\nTalpa (lentynos): 10 GN1\/1<br \/>\nGalingumas: 15,7 kW\/400V 3N AC<br \/>\nApsaugos klas\u0117: IPX4<br \/>\nGalimyb\u0117 programuoti kepimo parametrus<br \/>\nVidus ir i\u0161or\u0117 i\u0161 ner\u016bdijan\u010dio plieno<br \/>\nI\u0161matavimai: 860x795x1115 mm<br \/>\nGamintojas: GIORIK, Italija<\/p>\n","protected":false},"featured_media":2816,"template":"","meta":[],"class_list":["post-2774","product","type-product","status-publish","has-post-thumbnail","hentry","product_cat-konvekcines-krosnys"],"_links":{"self":[{"href":"https:\/\/ventas.lt\/index.php\/wp-json\/wp\/v2\/product\/2774"}],"collection":[{"href":"https:\/\/ventas.lt\/index.php\/wp-json\/wp\/v2\/product"}],"about":[{"href":"https:\/\/ventas.lt\/index.php\/wp-json\/wp\/v2\/types\/product"}],"wp:featuredmedia":[{"embeddable":true,"href":"https:\/\/ventas.lt\/index.php\/wp-json\/wp\/v2\/media\/2816"}],"wp:attachment":[{"href":"https:\/\/ventas.lt\/index.php\/wp-json\/wp\/v2\/media?parent=2774"}],"curies":[{"name":"wp","href":"https:\/\/api.w.org\/{rel}","templated":true}]}}