{"id":2772,"date":"2020-09-15T16:50:12","date_gmt":"2020-09-15T13:50:12","guid":{"rendered":"https:\/\/ventas.lt\/?post_type=product&#038;p=2772"},"modified":"2024-03-18T13:26:09","modified_gmt":"2024-03-18T10:26:09","slug":"pramoninis-saldiklis-vienu-duru-samaref-pf-700p-bt","status":"publish","type":"product","link":"https:\/\/ventas.lt\/index.php\/product\/pramoninis-saldiklis-vienu-duru-samaref-pf-700p-bt\/","title":{"rendered":"Pramoninis \u0161aldiklis vien\u0173 dur\u0173 SAMAREF PF 700P BT"},"content":{"rendered":"","protected":false},"excerpt":{"rendered":"<p>Bendroji talpa: 630 l<br \/>\nTemperat\u016bra: -15 \u00b0C \/ -22 \u00b0C<br \/>\nElektros galia: 0,564 kW \/ 230V<br \/>\nKlimato klas\u0117: 5 \/ ( 40\u00b0C \u2013 40%)<br \/>\n\u0160altne\u0161is: R290<br \/>\nI\u0161matavimai: 702x810x2080 mm<br \/>\nVidus ir i\u0161or\u0117 i\u0161 ner\u016bdijan\u010dio plieno<br \/>\nGamintojas: SAMAREF, Italija<\/p>\n","protected":false},"featured_media":2771,"template":"","meta":[],"class_list":["post-2772","product","type-product","status-publish","has-post-thumbnail","hentry","product_cat-saldikliai"],"_links":{"self":[{"href":"https:\/\/ventas.lt\/index.php\/wp-json\/wp\/v2\/product\/2772"}],"collection":[{"href":"https:\/\/ventas.lt\/index.php\/wp-json\/wp\/v2\/product"}],"about":[{"href":"https:\/\/ventas.lt\/index.php\/wp-json\/wp\/v2\/types\/product"}],"wp:featuredmedia":[{"embeddable":true,"href":"https:\/\/ventas.lt\/index.php\/wp-json\/wp\/v2\/media\/2771"}],"wp:attachment":[{"href":"https:\/\/ventas.lt\/index.php\/wp-json\/wp\/v2\/media?parent=2772"}],"curies":[{"name":"wp","href":"https:\/\/api.w.org\/{rel}","templated":true}]}}