{"id":2761,"date":"2020-09-15T16:24:22","date_gmt":"2020-09-15T13:24:22","guid":{"rendered":"https:\/\/ventas.lt\/?post_type=product&#038;p=2761"},"modified":"2025-05-14T09:03:02","modified_gmt":"2025-05-14T06:03:02","slug":"torveca-blend-kava-1000g","status":"publish","type":"product","link":"https:\/\/ventas.lt\/index.php\/product\/torveca-blend-kava-1000g\/","title":{"rendered":"Kavos pupel\u0117s \u201eTorveca Blend\u201c 1000 g"},"content":{"rendered":"","protected":false},"excerpt":{"rendered":"<p>\u201eTorveca Blend\u201c kavos pupel\u0117s yra vertinamos visuose pasaulio restoranuose kaip tikra, nenugin\u010dijamo skonio Itali\u0161ka kava. Kavos pupeli\u0173 sud\u0117tis &#8211; 70% &#8220;Arabika&#8221;, 30% &#8220;Robusta&#8221;. <\/p>\n","protected":false},"featured_media":2767,"template":"","meta":[],"class_list":["post-2761","product","type-product","status-publish","has-post-thumbnail","hentry","product_cat-kavos-aparatai-kava"],"_links":{"self":[{"href":"https:\/\/ventas.lt\/index.php\/wp-json\/wp\/v2\/product\/2761"}],"collection":[{"href":"https:\/\/ventas.lt\/index.php\/wp-json\/wp\/v2\/product"}],"about":[{"href":"https:\/\/ventas.lt\/index.php\/wp-json\/wp\/v2\/types\/product"}],"wp:featuredmedia":[{"embeddable":true,"href":"https:\/\/ventas.lt\/index.php\/wp-json\/wp\/v2\/media\/2767"}],"wp:attachment":[{"href":"https:\/\/ventas.lt\/index.php\/wp-json\/wp\/v2\/media?parent=2761"}],"curies":[{"name":"wp","href":"https:\/\/api.w.org\/{rel}","templated":true}]}}