{"id":2709,"date":"2020-09-08T15:03:06","date_gmt":"2020-09-08T12:03:06","guid":{"rendered":"https:\/\/ventas.lt\/?post_type=product&#038;p=2709"},"modified":"2022-05-26T14:11:08","modified_gmt":"2022-05-26T11:11:08","slug":"darzoviu-valymo-masina-pv23","status":"publish","type":"product","link":"https:\/\/ventas.lt\/index.php\/product\/darzoviu-valymo-masina-pv23\/","title":{"rendered":"Dar\u017eovi\u0173 valymo ma\u0161ina PV23"},"content":{"rendered":"<p>Pastatomas ant grind\u0173 modelis<br \/>\n2 grei\u010diai: 175-350 Rpm<br \/>\nMax talpa: 23 kg vienu metu<br \/>\nMax na\u0161umas: 450 kg\/val.<br \/>\nNer\u016bdijan\u010dio plieno korpusas ir valymo kamera<br \/>\nDu saugos davikliai, kurie sustabdo ma\u0161in\u0105, jeigu atidaromas vir\u0161utinis dangtis arba i\u0161krovimo durel\u0117s<br \/>\nKomplektacijoje: abrazyvinis diskas bulv\u0117ms ir morkoms valyti, laikmatis, stovas, filtras atliekoms<br \/>\nPapildomai gali b\u016bti komplektuojama: diskas svog\u016bnams ir \u010desnakams valyti, plovimo-valymo diskas, abrazyvin\u0117s sienel\u0117s, salot\u0173 ir dar\u017eovi\u0173 d\u017eiovinimo krep\u0161elis<br \/>\nI\u0161matavimai: 415x665x1175 mm<br \/>\nEl. pajungimas: 550 W<br \/>\nVandens pajungimas: 3\/4&#8243;<br \/>\nKonstrukcija atitinka CE standart\u0173 reikalavimus<\/p>\n<p>Gamintojas: AUREA, Italija.<\/p>\n","protected":false},"excerpt":{"rendered":"<p>Tinka bulvi\u0173, mork\u0173, svog\u016bn\u0173, \u010desnak\u0173, vaisi\u0173, midij\u0173, moliusk\u0173 ir v\u0117\u017eiagyvi\u0173 valymui<\/p>\n","protected":false},"featured_media":2718,"template":"","meta":[],"class_list":["post-2709","product","type-product","status-publish","has-post-thumbnail","hentry","product_cat-darzoviu-valymo-masinos"],"_links":{"self":[{"href":"https:\/\/ventas.lt\/index.php\/wp-json\/wp\/v2\/product\/2709"}],"collection":[{"href":"https:\/\/ventas.lt\/index.php\/wp-json\/wp\/v2\/product"}],"about":[{"href":"https:\/\/ventas.lt\/index.php\/wp-json\/wp\/v2\/types\/product"}],"wp:featuredmedia":[{"embeddable":true,"href":"https:\/\/ventas.lt\/index.php\/wp-json\/wp\/v2\/media\/2718"}],"wp:attachment":[{"href":"https:\/\/ventas.lt\/index.php\/wp-json\/wp\/v2\/media?parent=2709"}],"curies":[{"name":"wp","href":"https:\/\/api.w.org\/{rel}","templated":true}]}}